{"id":127,"date":"2024-07-19T16:28:30","date_gmt":"2024-07-19T16:28:30","guid":{"rendered":"https:\/\/cmp.portablehost3.net\/\/?page_id=127"},"modified":"2025-06-25T15:36:17","modified_gmt":"2025-06-25T15:36:17","slug":"planta-magnetita","status":"publish","type":"page","link":"https:\/\/cmp.portablehost3.net\/en\/operaciones\/valle-de-copiapo\/planta-magnetita\/","title":{"rendered":"Magnetite Plant"},"content":{"rendered":"","protected":false},"excerpt":{"rendered":"","protected":false},"author":3,"featured_media":596,"parent":118,"menu_order":0,"comment_status":"closed","ping_status":"closed","template":"","meta":{"_acf_changed":false,"footnotes":""},"class_list":["post-127","page","type-page","status-publish","has-post-thumbnail","hentry"],"acf":[],"yoast_head":"<!-- This site is optimized with the Yoast SEO plugin v25.5 - https:\/\/yoast.com\/wordpress\/plugins\/seo\/ -->\n<title>Magnetite Plant - CMP - Compa\u00f1\u00eda Minera del Pac\u00edfico<\/title>\n<meta name=\"robots\" content=\"noindex, follow, max-snippet:-1, max-image-preview:large, max-video-preview:-1\" \/>\n<meta property=\"og:locale\" content=\"en_US\" \/>\n<meta property=\"og:type\" content=\"article\" \/>\n<meta property=\"og:title\" content=\"[:es]Planta Magnetita[:en]Magnetite Plant[:] - CMP - Compa\u00f1\u00eda Minera del Pac\u00edfico\" \/>\n<meta property=\"og:url\" content=\"https:\/\/cmp.portablehost3.net\/operaciones\/valle-de-copiapo\/planta-magnetita\/\" \/>\n<meta property=\"og:site_name\" content=\"CMP - Compa\u00f1\u00eda Minera del Pac\u00edfico\" \/>\n<meta property=\"article:publisher\" content=\"https:\/\/www.facebook.com\/CMPChile\" \/>\n<meta property=\"article:modified_time\" content=\"2025-06-25T15:36:17+00:00\" \/>\n<meta property=\"og:image\" content=\"https:\/\/cmp.portablehost3.net\/wp-content\/uploads\/2024\/08\/Planta-magnetita-titulo-np.jpg\" \/>\n\t<meta property=\"og:image:width\" content=\"1350\" \/>\n\t<meta property=\"og:image:height\" content=\"900\" \/>\n\t<meta property=\"og:image:type\" content=\"image\/jpeg\" \/>\n<meta name=\"twitter:card\" content=\"summary_large_image\" \/>\n<meta name=\"twitter:site\" content=\"@CMPChile\" \/>\n<meta name=\"twitter:label1\" content=\"Est. reading time\" \/>\n\t<meta name=\"twitter:data1\" content=\"1 minute\" \/>\n<script type=\"application\/ld+json\" class=\"yoast-schema-graph\">{\"@context\":\"https:\/\/schema.org\",\"@graph\":[{\"@type\":\"WebPage\",\"@id\":\"https:\/\/cmp.portablehost3.net\/operaciones\/valle-de-copiapo\/planta-magnetita\/\",\"url\":\"https:\/\/cmp.portablehost3.net\/operaciones\/valle-de-copiapo\/planta-magnetita\/\",\"name\":\"[:es]Planta Magnetita[:en]Magnetite Plant[:] - CMP - Compa\u00f1\u00eda Minera del Pac\u00edfico\",\"isPartOf\":{\"@id\":\"https:\/\/cmp.portablehost3.net\/#website\"},\"primaryImageOfPage\":{\"@id\":\"https:\/\/cmp.portablehost3.net\/operaciones\/valle-de-copiapo\/planta-magnetita\/#primaryimage\"},\"image\":{\"@id\":\"https:\/\/cmp.portablehost3.net\/operaciones\/valle-de-copiapo\/planta-magnetita\/#primaryimage\"},\"thumbnailUrl\":\"https:\/\/cmp.portablehost3.net\/wp-content\/uploads\/2024\/08\/Planta-magnetita-titulo-np.jpg\",\"datePublished\":\"2024-07-19T16:28:30+00:00\",\"dateModified\":\"2025-06-25T15:36:17+00:00\",\"breadcrumb\":{\"@id\":\"https:\/\/cmp.portablehost3.net\/operaciones\/valle-de-copiapo\/planta-magnetita\/#breadcrumb\"},\"inLanguage\":\"en-US\",\"potentialAction\":[{\"@type\":\"ReadAction\",\"target\":[\"https:\/\/cmp.portablehost3.net\/operaciones\/valle-de-copiapo\/planta-magnetita\/\"]}]},{\"@type\":\"ImageObject\",\"inLanguage\":\"en-US\",\"@id\":\"https:\/\/cmp.portablehost3.net\/operaciones\/valle-de-copiapo\/planta-magnetita\/#primaryimage\",\"url\":\"https:\/\/cmp.portablehost3.net\/wp-content\/uploads\/2024\/08\/Planta-magnetita-titulo-np.jpg\",\"contentUrl\":\"https:\/\/cmp.portablehost3.net\/wp-content\/uploads\/2024\/08\/Planta-magnetita-titulo-np.jpg\",\"width\":1350,\"height\":900,\"caption\":\"default\"},{\"@type\":\"BreadcrumbList\",\"@id\":\"https:\/\/cmp.portablehost3.net\/operaciones\/valle-de-copiapo\/planta-magnetita\/#breadcrumb\",\"itemListElement\":[{\"@type\":\"ListItem\",\"position\":1,\"name\":\"Portada\",\"item\":\"https:\/\/cmp.portablehost3.net\/\"},{\"@type\":\"ListItem\",\"position\":2,\"name\":\"Operaciones\",\"item\":\"https:\/\/cmp.portablehost3.net\/operaciones\/\"},{\"@type\":\"ListItem\",\"position\":3,\"name\":\"Valle de Copiap\u00f3\",\"item\":\"https:\/\/cmp.portablehost3.net\/operaciones\/valle-de-copiapo\/\"},{\"@type\":\"ListItem\",\"position\":4,\"name\":\"Planta Magnetita\"}]},{\"@type\":\"WebSite\",\"@id\":\"https:\/\/cmp.portablehost3.net\/#website\",\"url\":\"https:\/\/cmp.portablehost3.net\/\",\"name\":\"CMP - Compa\u00f1\u00eda Minera del Pac\u00edfico\",\"description\":\"\",\"publisher\":{\"@id\":\"https:\/\/cmp.portablehost3.net\/#organization\"},\"potentialAction\":[{\"@type\":\"SearchAction\",\"target\":{\"@type\":\"EntryPoint\",\"urlTemplate\":\"https:\/\/cmp.portablehost3.net\/?s={search_term_string}\"},\"query-input\":{\"@type\":\"PropertyValueSpecification\",\"valueRequired\":true,\"valueName\":\"search_term_string\"}}],\"inLanguage\":\"en-US\"},{\"@type\":\"Organization\",\"@id\":\"https:\/\/cmp.portablehost3.net\/#organization\",\"name\":\"CMP - Compa\u00f1\u00eda Minera del Pac\u00edfico\",\"url\":\"https:\/\/cmp.portablehost3.net\/\",\"logo\":{\"@type\":\"ImageObject\",\"inLanguage\":\"en-US\",\"@id\":\"https:\/\/cmp.portablehost3.net\/#\/schema\/logo\/image\/\",\"url\":\"https:\/\/cmp.portablehost3.net\/wp-content\/uploads\/2024\/08\/CMP-logo.svg\",\"contentUrl\":\"https:\/\/cmp.portablehost3.net\/wp-content\/uploads\/2024\/08\/CMP-logo.svg\",\"width\":120,\"height\":53,\"caption\":\"CMP - Compa\u00f1\u00eda Minera del Pac\u00edfico\"},\"image\":{\"@id\":\"https:\/\/cmp.portablehost3.net\/#\/schema\/logo\/image\/\"},\"sameAs\":[\"https:\/\/www.facebook.com\/CMPChile\",\"https:\/\/x.com\/CMPChile\",\"https:\/\/linkedin.com\/company\/cmpchile\",\"https:\/\/www.instagram.com\/cmpchile\"]}]}<\/script>\n<!-- \/ Yoast SEO plugin. -->","yoast_head_json":{"title":"[:es]Planta Magnetita[:en]Magnetite Plant[:] - CMP - Compa\u00f1\u00eda Minera del Pac\u00edfico","robots":{"index":"noindex","follow":"follow","max-snippet":"max-snippet:-1","max-image-preview":"max-image-preview:large","max-video-preview":"max-video-preview:-1"},"og_locale":"en_US","og_type":"article","og_title":"[:es]Planta Magnetita[:en]Magnetite Plant[:] - CMP - Compa\u00f1\u00eda Minera del Pac\u00edfico","og_url":"https:\/\/cmp.portablehost3.net\/operaciones\/valle-de-copiapo\/planta-magnetita\/","og_site_name":"CMP - Compa\u00f1\u00eda Minera del Pac\u00edfico","article_publisher":"https:\/\/www.facebook.com\/CMPChile","article_modified_time":"2025-06-25T15:36:17+00:00","og_image":[{"width":1350,"height":900,"url":"https:\/\/cmp.portablehost3.net\/wp-content\/uploads\/2024\/08\/Planta-magnetita-titulo-np.jpg","type":"image\/jpeg"}],"twitter_card":"summary_large_image","twitter_site":"@CMPChile","twitter_misc":{"Est. reading time":"1 minute"},"schema":{"@context":"https:\/\/schema.org","@graph":[{"@type":"WebPage","@id":"https:\/\/cmp.portablehost3.net\/operaciones\/valle-de-copiapo\/planta-magnetita\/","url":"https:\/\/cmp.portablehost3.net\/operaciones\/valle-de-copiapo\/planta-magnetita\/","name":"[:es]Planta Magnetita[:en]Magnetite Plant[:] - CMP - Compa\u00f1\u00eda Minera del Pac\u00edfico","isPartOf":{"@id":"https:\/\/cmp.portablehost3.net\/#website"},"primaryImageOfPage":{"@id":"https:\/\/cmp.portablehost3.net\/operaciones\/valle-de-copiapo\/planta-magnetita\/#primaryimage"},"image":{"@id":"https:\/\/cmp.portablehost3.net\/operaciones\/valle-de-copiapo\/planta-magnetita\/#primaryimage"},"thumbnailUrl":"https:\/\/cmp.portablehost3.net\/wp-content\/uploads\/2024\/08\/Planta-magnetita-titulo-np.jpg","datePublished":"2024-07-19T16:28:30+00:00","dateModified":"2025-06-25T15:36:17+00:00","breadcrumb":{"@id":"https:\/\/cmp.portablehost3.net\/operaciones\/valle-de-copiapo\/planta-magnetita\/#breadcrumb"},"inLanguage":"en-US","potentialAction":[{"@type":"ReadAction","target":["https:\/\/cmp.portablehost3.net\/operaciones\/valle-de-copiapo\/planta-magnetita\/"]}]},{"@type":"ImageObject","inLanguage":"en-US","@id":"https:\/\/cmp.portablehost3.net\/operaciones\/valle-de-copiapo\/planta-magnetita\/#primaryimage","url":"https:\/\/cmp.portablehost3.net\/wp-content\/uploads\/2024\/08\/Planta-magnetita-titulo-np.jpg","contentUrl":"https:\/\/cmp.portablehost3.net\/wp-content\/uploads\/2024\/08\/Planta-magnetita-titulo-np.jpg","width":1350,"height":900,"caption":"default"},{"@type":"BreadcrumbList","@id":"https:\/\/cmp.portablehost3.net\/operaciones\/valle-de-copiapo\/planta-magnetita\/#breadcrumb","itemListElement":[{"@type":"ListItem","position":1,"name":"Portada","item":"https:\/\/cmp.portablehost3.net\/"},{"@type":"ListItem","position":2,"name":"Operaciones","item":"https:\/\/cmp.portablehost3.net\/operaciones\/"},{"@type":"ListItem","position":3,"name":"Valle de Copiap\u00f3","item":"https:\/\/cmp.portablehost3.net\/operaciones\/valle-de-copiapo\/"},{"@type":"ListItem","position":4,"name":"Planta Magnetita"}]},{"@type":"WebSite","@id":"https:\/\/cmp.portablehost3.net\/#website","url":"https:\/\/cmp.portablehost3.net\/","name":"CMP - Compa\u00f1\u00eda Minera del Pac\u00edfico","description":"","publisher":{"@id":"https:\/\/cmp.portablehost3.net\/#organization"},"potentialAction":[{"@type":"SearchAction","target":{"@type":"EntryPoint","urlTemplate":"https:\/\/cmp.portablehost3.net\/?s={search_term_string}"},"query-input":{"@type":"PropertyValueSpecification","valueRequired":true,"valueName":"search_term_string"}}],"inLanguage":"en-US"},{"@type":"Organization","@id":"https:\/\/cmp.portablehost3.net\/#organization","name":"CMP - Compa\u00f1\u00eda Minera del Pac\u00edfico","url":"https:\/\/cmp.portablehost3.net\/","logo":{"@type":"ImageObject","inLanguage":"en-US","@id":"https:\/\/cmp.portablehost3.net\/#\/schema\/logo\/image\/","url":"https:\/\/cmp.portablehost3.net\/wp-content\/uploads\/2024\/08\/CMP-logo.svg","contentUrl":"https:\/\/cmp.portablehost3.net\/wp-content\/uploads\/2024\/08\/CMP-logo.svg","width":120,"height":53,"caption":"CMP - Compa\u00f1\u00eda Minera del Pac\u00edfico"},"image":{"@id":"https:\/\/cmp.portablehost3.net\/#\/schema\/logo\/image\/"},"sameAs":["https:\/\/www.facebook.com\/CMPChile","https:\/\/x.com\/CMPChile","https:\/\/linkedin.com\/company\/cmpchile","https:\/\/www.instagram.com\/cmpchile"]}]}},"_links":{"self":[{"href":"https:\/\/cmp.portablehost3.net\/en\/wp-json\/wp\/v2\/pages\/127","targetHints":{"allow":["GET"]}}],"collection":[{"href":"https:\/\/cmp.portablehost3.net\/en\/wp-json\/wp\/v2\/pages"}],"about":[{"href":"https:\/\/cmp.portablehost3.net\/en\/wp-json\/wp\/v2\/types\/page"}],"author":[{"embeddable":true,"href":"https:\/\/cmp.portablehost3.net\/en\/wp-json\/wp\/v2\/users\/3"}],"replies":[{"embeddable":true,"href":"https:\/\/cmp.portablehost3.net\/en\/wp-json\/wp\/v2\/comments?post=127"}],"version-history":[{"count":4,"href":"https:\/\/cmp.portablehost3.net\/en\/wp-json\/wp\/v2\/pages\/127\/revisions"}],"predecessor-version":[{"id":1510,"href":"https:\/\/cmp.portablehost3.net\/en\/wp-json\/wp\/v2\/pages\/127\/revisions\/1510"}],"up":[{"embeddable":true,"href":"https:\/\/cmp.portablehost3.net\/en\/wp-json\/wp\/v2\/pages\/118"}],"wp:featuredmedia":[{"embeddable":true,"href":"https:\/\/cmp.portablehost3.net\/en\/wp-json\/wp\/v2\/media\/596"}],"wp:attachment":[{"href":"https:\/\/cmp.portablehost3.net\/en\/wp-json\/wp\/v2\/media?parent=127"}],"curies":[{"name":"wp","href":"https:\/\/api.w.org\/{rel}","templated":true}]}}